{"id":113,"date":"2014-11-14T15:38:47","date_gmt":"2014-11-14T15:38:47","guid":{"rendered":"https:\/\/andedidi2.myqnapcloud.com:8081\/WordPress\/?page_id=113"},"modified":"2025-07-11T16:06:08","modified_gmt":"2025-07-11T14:06:08","slug":"kultur-heimat-3","status":"publish","type":"page","link":"https:\/\/www.kultur-heimat-offenhausen.at\/WordPress\/","title":{"rendered":"Theater Offenhausen"},"content":{"rendered":"\n<p class=\"has-text-align-center\"><strong><span style=\"color: #800000;\"><a href=\"https:\/\/www.kultur-heimat-offenhausen.at\/WordPress\/?cat=13\">Zu unserem aktuellen St\u00fcck inkl Beschreibung und Kartenreservierung<\/a><\/span><\/strong><\/p>\n\n\n<div class=\"wp-block-image\">\n<figure class=\"alignleft\"><img loading=\"lazy\" decoding=\"async\" width=\"150\" height=\"150\" src=\"http:\/\/www.kultur-heimat-offenhausen.at\/WordPress\/wp-content\/uploads\/2014\/11\/Logo-KulturHeimat-quadr-150x150.png\" alt=\"\" class=\"wp-image-67\" srcset=\"https:\/\/www.kultur-heimat-offenhausen.at\/WordPress\/wp-content\/uploads\/2014\/11\/Logo-KulturHeimat-quadr-150x150.png 150w, https:\/\/www.kultur-heimat-offenhausen.at\/WordPress\/wp-content\/uploads\/2014\/11\/Logo-KulturHeimat-quadr-300x300.png 300w, https:\/\/www.kultur-heimat-offenhausen.at\/WordPress\/wp-content\/uploads\/2014\/11\/Logo-KulturHeimat-quadr-1024x1024.png 1024w, https:\/\/www.kultur-heimat-offenhausen.at\/WordPress\/wp-content\/uploads\/2014\/11\/Logo-KulturHeimat-quadr.png 1358w\" sizes=\"auto, (max-width: 150px) 100vw, 150px\" \/><\/figure>\n<\/div>\n\n\n<p>Unter die Verinsaktivit\u00e4ten fallen aktuell<br>&#8211; die Theatergruppe welche schon weit \u00fcber die Grenzen der Marktgemeinde bekannt ist,<br>&#8211; die Erhaltung und Neuerschlie\u00dfung von Wanderwegen,<br>&#8211; die projektbezogene Dorfentwicklung und<br>&#8211; die Dokumentation und Erforschung von Themen rund um die Gemeinde.<\/p>\n\n\n\n<p><strong>Wir sind immer auf der Suche nach Leuten die an den Themen Theater, Wandern, Heimatkunde, Literatur, Kultur, &#8230; interessiert sind und gerne, in welcher Form auch immer, an unserer Gemeinschaft teilhaben m\u00f6chten. Bitte sprecht uns einfach an!<\/strong><\/p>\n\n\n\n<p class=\"has-text-align-left\">Eine kleine Aufmerksamkeit, Geschenk oder Mitbringsel gef\u00e4llig? Unser <strong>Kartengutschein<\/strong> ist eine lokale und stilvolle Variante daf\u00fcr.<\/p>\n\n\n\n<p class=\"has-text-align-center\"><a href=\"https:\/\/www.kultur-heimat-offenhausen.at\/WordPress\/?p=1471\"><img loading=\"lazy\" decoding=\"async\" width=\"200\" height=\"95\" class=\"wp-image-1473\" style=\"width: 200px;\" src=\"https:\/\/www.kultur-heimat-offenhausen.at\/WordPress\/wp-content\/uploads\/2024\/09\/Kartengutschein-Seite001.png\" alt=\"Muster-Kartengutschein\" srcset=\"https:\/\/www.kultur-heimat-offenhausen.at\/WordPress\/wp-content\/uploads\/2024\/09\/Kartengutschein-Seite001.png 1240w, https:\/\/www.kultur-heimat-offenhausen.at\/WordPress\/wp-content\/uploads\/2024\/09\/Kartengutschein-Seite001-300x143.png 300w, https:\/\/www.kultur-heimat-offenhausen.at\/WordPress\/wp-content\/uploads\/2024\/09\/Kartengutschein-Seite001-1024x487.png 1024w, https:\/\/www.kultur-heimat-offenhausen.at\/WordPress\/wp-content\/uploads\/2024\/09\/Kartengutschein-Seite001-768x365.png 768w\" sizes=\"auto, (max-width: 200px) 100vw, 200px\" \/><\/a><\/p>\n\n\n\n<p>Wir benutzen neben dieser Homepage auch<\/p>\n\n\n\n<p class=\"has-text-align-center\">YouTube und Facebook<\/p>\n\n\n\n<div align=\"center\">&nbsp;<\/div>\n","protected":false},"excerpt":{"rendered":"<p>Zu unserem aktuellen St\u00fcck inkl Beschreibung und Kartenreservierung Unter die Verinsaktivit\u00e4ten fallen aktuell&#8211; die Theatergruppe welche schon weit \u00fcber die Grenzen der Marktgemeinde bekannt ist,&#8211; die Erhaltung und Neuerschlie\u00dfung von Wanderwegen,&#8211; die projektbezogene Dorfentwicklung und&#8211; die Dokumentation und Erforschung von Themen rund um die Gemeinde. Wir sind immer auf der Suche nach Leuten die an &hellip; <a href=\"https:\/\/www.kultur-heimat-offenhausen.at\/WordPress\/\" class=\"more-link\"><span class=\"screen-reader-text\">Theater Offenhausen<\/span> weiterlesen <span class=\"meta-nav\">&rarr;<\/span><\/a><\/p>\n","protected":false},"author":1,"featured_media":0,"parent":0,"menu_order":0,"comment_status":"closed","ping_status":"closed","template":"page-templates\/full-width.php","meta":{"footnotes":""},"categories":[],"tags":[93,92,94,115,52,116,40,26,114,95],"class_list":["post-113","page","type-page","status-publish","hentry","tag-heimat","tag-kultur","tag-kultur-heimat","tag-laienbuehne","tag-nestroy","tag-oberoesterreich","tag-offenhausen","tag-theater","tag-theatergruppe","tag-verein"],"_links":{"self":[{"href":"https:\/\/www.kultur-heimat-offenhausen.at\/WordPress\/index.php?rest_route=\/wp\/v2\/pages\/113","targetHints":{"allow":["GET"]}}],"collection":[{"href":"https:\/\/www.kultur-heimat-offenhausen.at\/WordPress\/index.php?rest_route=\/wp\/v2\/pages"}],"about":[{"href":"https:\/\/www.kultur-heimat-offenhausen.at\/WordPress\/index.php?rest_route=\/wp\/v2\/types\/page"}],"author":[{"embeddable":true,"href":"https:\/\/www.kultur-heimat-offenhausen.at\/WordPress\/index.php?rest_route=\/wp\/v2\/users\/1"}],"replies":[{"embeddable":true,"href":"https:\/\/www.kultur-heimat-offenhausen.at\/WordPress\/index.php?rest_route=%2Fwp%2Fv2%2Fcomments&post=113"}],"version-history":[{"count":30,"href":"https:\/\/www.kultur-heimat-offenhausen.at\/WordPress\/index.php?rest_route=\/wp\/v2\/pages\/113\/revisions"}],"predecessor-version":[{"id":1558,"href":"https:\/\/www.kultur-heimat-offenhausen.at\/WordPress\/index.php?rest_route=\/wp\/v2\/pages\/113\/revisions\/1558"}],"wp:attachment":[{"href":"https:\/\/www.kultur-heimat-offenhausen.at\/WordPress\/index.php?rest_route=%2Fwp%2Fv2%2Fmedia&parent=113"}],"wp:term":[{"taxonomy":"category","embeddable":true,"href":"https:\/\/www.kultur-heimat-offenhausen.at\/WordPress\/index.php?rest_route=%2Fwp%2Fv2%2Fcategories&post=113"},{"taxonomy":"post_tag","embeddable":true,"href":"https:\/\/www.kultur-heimat-offenhausen.at\/WordPress\/index.php?rest_route=%2Fwp%2Fv2%2Ftags&post=113"}],"curies":[{"name":"wp","href":"https:\/\/api.w.org\/{rel}","templated":true}]}}