{"id":121,"date":"2014-09-30T18:38:14","date_gmt":"2014-09-30T18:38:14","guid":{"rendered":"https:\/\/andedidi2.myqnapcloud.com:8081\/WordPress\/?p=121"},"modified":"2019-01-06T22:32:55","modified_gmt":"2019-01-06T21:32:55","slug":"der-holzweg","status":"publish","type":"page","link":"https:\/\/www.kultur-heimat-offenhausen.at\/WordPress\/?page_id=121","title":{"rendered":"Der Holzweg"},"content":{"rendered":"<h1>Kurzinfo<\/h1>\n<p>L\u00e4nge: 8km<br \/>\nH\u00f6henmeter: 221m<br \/>\nGehzeit: 2 Stunden<br \/>\nSchwierigkeit: leicht \u2013 mittel<br \/>\nWegbeschaffenheit: 30% Asphalt, 20% Waldweg, 10% Wiesenweg, 40% Schotterweg<br \/>\nMarkierung: Silber-Orange<\/p>\n<h1>Beschreibung<\/h1>\n<p>Vom Gemeindeamt geht es Richtung Osten \u00fcber den Marktplatz bis zum Fu\u00dfballplatz des SCO. Den Fu\u00dfballplatz l\u00e4sst man links liegen und geht auf dem asphaltierten Parkplatz ganz nach hinten, quert zweimal den Gr\u00fcnbach und folgt ihm bis nach Stritzing (Bauhof und Kl\u00e4ranlage der Gemeinde). Mit der Kraft des Gr\u00fcnbachs wurden fr\u00fcher einige M\u00fchlen betrieben. Kaum zu glauben, wenn man ihn heute so dahinpl\u00e4tschern sieht. Das erste St\u00fcck zwischen den Fahrbahnbr\u00fccken wurde 2012 renaturiert, und eine Informationstafel gibt Auskunft \u00fcber den Gr\u00fcnbach.<\/p>\n<p>In Stritzing biegt man nach links Richtung Norden\/Wald ab und folgt dann dem stetig ansteigenden Waldweg, welcher stellenweise einen sch\u00f6nen Ausblick Richtung S\u00fcden \u00fcbers Gr\u00fcnbachtal freigibt. Am Ende kommt man zu einer Lichtung, zu Feldern und einem \u00fcberdimensionalen Bilderrahmen f\u00fcr die Landschaft der Welser Heide und des Alpenvorlands. Dieser Platz tr\u00e4gt den alten Namen \u201e\u2018s hamische Gaderl&#8220;. Die unterhaltsame Geschichte, wie er zu diesem Namen kam, ist im Edelstahl des Bilderrahmens eingraviert. Man folgt dem Weg und gelangt auf die Stra\u00dfe, die zum Holzverarbeitungsbetrieb Silber in Untereggen f\u00fchrt. Dort ist man am \u00f6stlichsten Punkt des Wanderwegs angelangt und biegt Richtung S\u00fcden ab.<\/p>\n<p>\u00dcber eine abfallende Wiese m\u00fcndet der Weg in einem Unterholz. \u00dcber Stufen, vorbei an diversen Str\u00e4uchern und B\u00e4umen, gelangt man wieder zu einem befestigten Weg, welcher bis Gro\u00dfkrottendorf nach S\u00fcden f\u00fchrt. Am Gehsteig wandert man wieder Richtung Offenhausen bis zur Bushaltestelle. Dort biegt man nach links ab und quert abermals den Gr\u00fcnbach und kommt nach Kleinkrottendorf.<\/p>\n<p>Den Nebenstra\u00dfen der Markierungen immer Richtung Westen folgend, kommt man zu einem Feldweg, welcher zum Waldrand des Langholzes f\u00fchrt, noch flach beginnt, aber dann gem\u00e4chlich ansteigt und uns bis zum Kettlgruber-Hof in Stockerberg bringt. Dort folgen wir der Stra\u00dfe etwa hundert Meter aufw\u00e4rts, um bei der n\u00e4chsten Gelegenheit in spitzem Winkel abzubiegen und dem geschotterten Weg zu folgen. Wenige Meter vor einer sch\u00f6n gelegenen Kapelle zweigt der Weg in das sogenannte \u201eMarktholz&#8220; hinein ab.<\/p>\n<p>Das Marktholz war fr\u00fcher im Besitz der sogenannten Marktkommune (Gemeinschaftsbesitz der Marktb\u00fcrger) und geh\u00f6rt heute noch teilweise der Marktgemeinde. Man folgt nun den Markierungen durch den Wald, bis man wieder am Ortsrand in Bachst\u00e4tten ankommt. Biegt man auf der Stra\u00dfe rechts ab, geht es wieder zur\u00fcck in den Ortskern.<\/p>\n<h1>&#8222;&#8217;s hamische Gaderl&#8220; und das Platzerl am Holzweg<\/h1>\n<p>Der Fenster- oder Bilderrahmen mit Blick aufs Gr\u00fcnbachtal und in die Welser Heide wurde im September 2014 fertig. In den Rahmen ist die \u00dcberlieferung der Offenhausener Sage &#8222;&#8217;s hamische Gaderl&#8220; eingraviert. Der Platz der Sage muss in der N\u00e4he des Rahmens gewesen sein.<\/p>\n","protected":false},"excerpt":{"rendered":"<p>Kurzinfo L\u00e4nge: 8km H\u00f6henmeter: 221m Gehzeit: 2 Stunden Schwierigkeit: leicht \u2013 mittel Wegbeschaffenheit: 30% Asphalt, 20% Waldweg, 10% Wiesenweg, 40% Schotterweg Markierung: Silber-Orange Beschreibung Vom Gemeindeamt geht es Richtung Osten \u00fcber den Marktplatz bis zum Fu\u00dfballplatz des SCO. Den Fu\u00dfballplatz l\u00e4sst man links liegen und geht auf dem asphaltierten Parkplatz ganz nach hinten, quert zweimal &hellip; <a href=\"https:\/\/www.kultur-heimat-offenhausen.at\/WordPress\/?page_id=121\" class=\"more-link\"><span class=\"screen-reader-text\">Der Holzweg<\/span> weiterlesen <span class=\"meta-nav\">&rarr;<\/span><\/a><\/p>\n","protected":false},"author":1,"featured_media":166,"parent":154,"menu_order":0,"comment_status":"closed","ping_status":"closed","template":"page-templates\/full-width.php","meta":{"footnotes":""},"categories":[16],"tags":[],"class_list":["post-121","page","type-page","status-publish","has-post-thumbnail","hentry","category-wanderwege"],"_links":{"self":[{"href":"https:\/\/www.kultur-heimat-offenhausen.at\/WordPress\/index.php?rest_route=\/wp\/v2\/pages\/121","targetHints":{"allow":["GET"]}}],"collection":[{"href":"https:\/\/www.kultur-heimat-offenhausen.at\/WordPress\/index.php?rest_route=\/wp\/v2\/pages"}],"about":[{"href":"https:\/\/www.kultur-heimat-offenhausen.at\/WordPress\/index.php?rest_route=\/wp\/v2\/types\/page"}],"author":[{"embeddable":true,"href":"https:\/\/www.kultur-heimat-offenhausen.at\/WordPress\/index.php?rest_route=\/wp\/v2\/users\/1"}],"replies":[{"embeddable":true,"href":"https:\/\/www.kultur-heimat-offenhausen.at\/WordPress\/index.php?rest_route=%2Fwp%2Fv2%2Fcomments&post=121"}],"version-history":[{"count":2,"href":"https:\/\/www.kultur-heimat-offenhausen.at\/WordPress\/index.php?rest_route=\/wp\/v2\/pages\/121\/revisions"}],"predecessor-version":[{"id":856,"href":"https:\/\/www.kultur-heimat-offenhausen.at\/WordPress\/index.php?rest_route=\/wp\/v2\/pages\/121\/revisions\/856"}],"up":[{"embeddable":true,"href":"https:\/\/www.kultur-heimat-offenhausen.at\/WordPress\/index.php?rest_route=\/wp\/v2\/pages\/154"}],"wp:featuredmedia":[{"embeddable":true,"href":"https:\/\/www.kultur-heimat-offenhausen.at\/WordPress\/index.php?rest_route=\/wp\/v2\/media\/166"}],"wp:attachment":[{"href":"https:\/\/www.kultur-heimat-offenhausen.at\/WordPress\/index.php?rest_route=%2Fwp%2Fv2%2Fmedia&parent=121"}],"wp:term":[{"taxonomy":"category","embeddable":true,"href":"https:\/\/www.kultur-heimat-offenhausen.at\/WordPress\/index.php?rest_route=%2Fwp%2Fv2%2Fcategories&post=121"},{"taxonomy":"post_tag","embeddable":true,"href":"https:\/\/www.kultur-heimat-offenhausen.at\/WordPress\/index.php?rest_route=%2Fwp%2Fv2%2Ftags&post=121"}],"curies":[{"name":"wp","href":"https:\/\/api.w.org\/{rel}","templated":true}]}}