{"id":128,"date":"2014-11-14T21:41:41","date_gmt":"2014-11-14T21:41:41","guid":{"rendered":"https:\/\/andedidi2.myqnapcloud.com:8081\/WordPress\/?p=128"},"modified":"2018-02-14T22:32:43","modified_gmt":"2018-02-14T21:32:43","slug":"historie","status":"publish","type":"page","link":"https:\/\/www.kultur-heimat-offenhausen.at\/WordPress\/?page_id=128","title":{"rendered":"Historie"},"content":{"rendered":"<h3><span style=\"font-family: Arial;\"><b>Die ersten Beginne<\/b><\/span><\/h3>\n<p style=\"text-align: justify;\"><span style=\"font-family: Arial;\">Erstmals ist in Offenhausen 1901 eine Theaterauff\u00fchrung erw\u00e4hnt. Der Musikverein, auch die Schwestern des Kindergartens spielten in der Advent- und Fastenzeit Theater. Anl\u00e4sslich von Kaiserfesten gestaltete auch die Volksschule Theaterauff\u00fchrungen.<\/span><\/p>\n<h3><span style=\"font-family: Arial;\"><b>Die Zwischenkriegszeit<\/b><\/span><\/h3>\n<p><a href=\"http:\/\/andedidi2.myqnapcloud.com\/WordPress\/wp-content\/uploads\/2014\/11\/historischegruppe.jpg\"><img loading=\"lazy\" decoding=\"async\" class=\"alignleft wp-image-129 size-medium\" src=\"http:\/\/www.kultur-heimat-offenhausen.at\/WordPress\/wp-content\/uploads\/2014\/11\/historischegruppe-300x178.jpg\" alt=\"historischegruppe\" width=\"300\" height=\"178\" srcset=\"https:\/\/www.kultur-heimat-offenhausen.at\/WordPress\/wp-content\/uploads\/2014\/11\/historischegruppe-300x178.jpg 300w, https:\/\/www.kultur-heimat-offenhausen.at\/WordPress\/wp-content\/uploads\/2014\/11\/historischegruppe.jpg 450w\" sizes=\"auto, (max-width: 300px) 100vw, 300px\" \/><\/a><span style=\"font-family: Arial;\">1922 gr\u00fcndete der Lehrer Karl Gruber eine Theatergruppe, welche dann von 1932 bis 1938 von Hans Raber und Raimund Buder weitergef\u00fchrt wurde. Das Verm\u00f6gen der Theatergruppe wurde 1934 in den Besitz der Feuerwehr gegen \u00dcbernahme der Schulden \u00fcbergef\u00fchrt.<\/span><\/p>\n<h3><span style=\"font-family: Arial;\"><b>Nach dem Krieg<\/b><\/span><\/h3>\n<p style=\"text-align: justify;\"><span style=\"font-family: Arial;\">Vom Kameradschaftsbund wurden 1946 und 1947 einige St\u00fccke aufgef\u00fchrt.<\/span><\/p>\n<p style=\"text-align: justify;\"><a href=\"http:\/\/andedidi2.myqnapcloud.com\/WordPress\/wp-content\/uploads\/2014\/11\/historjedermann.jpg\"><img loading=\"lazy\" decoding=\"async\" class=\"alignleft wp-image-132 size-full\" src=\"http:\/\/www.kultur-heimat-offenhausen.at\/WordPress\/wp-content\/uploads\/2014\/11\/historjedermann.jpg\" alt=\"historjedermann\" width=\"225\" height=\"185\"><\/a><span style=\"font-family: Arial;\">Unter der Spielleitung des Oberlehrers Johann M\u00fchleder erzielte die Theaterrunde mit der Freilichtauff\u00fchrung &#8222;Maier Helmbrecht&#8220; am 25. August 1951 ihren ersten ganz gro\u00dfen Erfolg. Am 1., 2., 8. und 9. August 1953 wurde der &#8222;Jedermann&#8220; von L\u00f6ser <\/span><span style=\"font-family: Arial;\">aufgef\u00fchrt. Es war ein Riesenerfolg! Der Spielleiter baute in dieses St\u00fcck neue Varianten wie Pferde, Wagen und d<\/span><a href=\"http:\/\/andedidi2.myqnapcloud.com\/WordPress\/wp-content\/uploads\/2014\/11\/historhelmbrecht-e1416914290498.jpg\"><img loading=\"lazy\" decoding=\"async\" class=\"alignright wp-image-134 size-medium\" src=\"http:\/\/www.kultur-heimat-offenhausen.at\/WordPress\/wp-content\/uploads\/2014\/11\/historhelmbrecht-300x165.jpg\" alt=\"historhelmbrecht\" width=\"300\" height=\"165\"><\/a><span style=\"font-family: Arial;\">en Offenhausener Landler ein, so dass <\/span><span style=\"font-family: Arial;\">man fast schon von einem &#8222;Offenhausener Jedermann&#8220; sprechen konnte.<\/span><\/p>\n<p style=\"text-align: justify;\"><span style=\"font-family: Arial;\">H\u00f6hepunkt in der Geschichte der Spielgemeinde war dann die Gestaltung der 420-Jahr-Feier im Jahre 1954. Nach diesem gro\u00dfartigen Ereignis wurde es vor\u00fcbergehend etwas ruhiger. Das Theaterspielen wurde eingestellt.<\/span><\/p>\n<h3>&nbsp;<span style=\"font-family: Arial;\"><b>1984: Der Neubeginn<\/b><\/span><\/h3>\n<p style=\"text-align: justify;\"><span style=\"font-family: Arial;\"><a href=\"http:\/\/andedidi2.myqnapcloud.com\/WordPress\/wp-content\/uploads\/2014\/11\/histormuehleder.jpg\"><img loading=\"lazy\" decoding=\"async\" class=\"alignleft wp-image-140 size-thumbnail\" src=\"http:\/\/www.kultur-heimat-offenhausen.at\/WordPress\/wp-content\/uploads\/2014\/11\/histormuehleder-150x142.jpg\" alt=\"histormuehleder\" width=\"150\" height=\"142\"><\/a><\/span><span style=\"font-family: Arial;\"> Zur 450-Jahr-Feier der Marktgemeinde Offenhausen formierte sich unter <\/span><span style=\"font-family: Arial;\">dem neuen <\/span><span style=\"font-family: Arial;\">Obmann Reinhard Schotola und dem Spielleiter <span style=\"text-decoration: underline;\">OSR Johann M\u00fchleder<\/span> neuerlich eine T<\/span><span style=\"font-family: Arial;\">heatergruppe. Seither wird in Offenhausen fast j\u00e4hrlich ein St\u00fcck aufgef\u00fchrt!<\/span><\/p>\n<p style=\"text-align: justify;\"><span style=\"font-family: Arial;\"><a href=\"http:\/\/andedidi2.myqnapcloud.com\/WordPress\/wp-content\/uploads\/2014\/11\/reinsch2.jpg\"><img loading=\"lazy\" decoding=\"async\" class=\"alignleft wp-image-145 size-thumbnail\" src=\"http:\/\/www.kultur-heimat-offenhausen.at\/WordPress\/wp-content\/uploads\/2014\/11\/reinsch2-150x150.jpg\" alt=\"reinsch2\" width=\"150\" height=\"150\"><\/a><\/span><span style=\"font-family: Arial;\">Ma\u00dfgeblichen Anteil an der Entwicklung hat <span style=\"text-decoration: underline;\">Reinhard Schotola<\/span>, der 1989 das Amt des Spielleiters \u00fcbernahm. Er ist seither nicht nur f\u00fcr die Regie, sondern auch f\u00fcr die St\u00fcckauswahl und Bearbeitung verantwortlich, viele St\u00fccke tragen seither ma\u00dfgeblich seine Handschrift.<\/span><\/p>\n<p style=\"text-align: justify;\"><span style=\"font-family: Arial;\">\u00dcber 100 Aktive haben seit 1984 dazu beigetragen, dass die Theatergruppe Offenhausen heute f\u00fcr ihre qualit\u00e4tsvollen Auff\u00fchrungen weit \u00fcber die Gemeindegrenzen bekannt ist.<\/span><\/p>\n<p style=\"text-align: justify;\"><a href=\"http:\/\/andedidi2.myqnapcloud.com\/WordPress\/wp-content\/uploads\/2014\/11\/09faust_gruppeklein.jpg\"><img loading=\"lazy\" decoding=\"async\" class=\"aligncenter wp-image-146 size-full\" src=\"http:\/\/www.kultur-heimat-offenhausen.at\/WordPress\/wp-content\/uploads\/2014\/11\/09faust_gruppeklein.jpg\" alt=\"09faust_gruppeklein\" width=\"445\" height=\"107\" srcset=\"https:\/\/www.kultur-heimat-offenhausen.at\/WordPress\/wp-content\/uploads\/2014\/11\/09faust_gruppeklein.jpg 445w, https:\/\/www.kultur-heimat-offenhausen.at\/WordPress\/wp-content\/uploads\/2014\/11\/09faust_gruppeklein-300x72.jpg 300w\" sizes=\"auto, (max-width: 445px) 100vw, 445px\" \/><\/a><\/p>\n","protected":false},"excerpt":{"rendered":"<p>Die ersten Beginne Erstmals ist in Offenhausen 1901 eine Theaterauff\u00fchrung erw\u00e4hnt. Der Musikverein, auch die Schwestern des Kindergartens spielten in der Advent- und Fastenzeit Theater. Anl\u00e4sslich von Kaiserfesten gestaltete auch die Volksschule Theaterauff\u00fchrungen. Die Zwischenkriegszeit 1922 gr\u00fcndete der Lehrer Karl Gruber eine Theatergruppe, welche dann von 1932 bis 1938 von Hans Raber und Raimund Buder &hellip; <a href=\"https:\/\/www.kultur-heimat-offenhausen.at\/WordPress\/?page_id=128\" class=\"more-link\"><span class=\"screen-reader-text\">Historie<\/span> weiterlesen <span class=\"meta-nav\">&rarr;<\/span><\/a><\/p>\n","protected":false},"author":1,"featured_media":276,"parent":113,"menu_order":0,"comment_status":"closed","ping_status":"closed","template":"page-templates\/full-width.php","meta":{"footnotes":""},"categories":[11,9,17],"tags":[],"class_list":["post-128","page","type-page","status-publish","has-post-thumbnail","hentry","category-kultur","category-theater","category-verein_allgemein"],"_links":{"self":[{"href":"https:\/\/www.kultur-heimat-offenhausen.at\/WordPress\/index.php?rest_route=\/wp\/v2\/pages\/128","targetHints":{"allow":["GET"]}}],"collection":[{"href":"https:\/\/www.kultur-heimat-offenhausen.at\/WordPress\/index.php?rest_route=\/wp\/v2\/pages"}],"about":[{"href":"https:\/\/www.kultur-heimat-offenhausen.at\/WordPress\/index.php?rest_route=\/wp\/v2\/types\/page"}],"author":[{"embeddable":true,"href":"https:\/\/www.kultur-heimat-offenhausen.at\/WordPress\/index.php?rest_route=\/wp\/v2\/users\/1"}],"replies":[{"embeddable":true,"href":"https:\/\/www.kultur-heimat-offenhausen.at\/WordPress\/index.php?rest_route=%2Fwp%2Fv2%2Fcomments&post=128"}],"version-history":[{"count":8,"href":"https:\/\/www.kultur-heimat-offenhausen.at\/WordPress\/index.php?rest_route=\/wp\/v2\/pages\/128\/revisions"}],"predecessor-version":[{"id":836,"href":"https:\/\/www.kultur-heimat-offenhausen.at\/WordPress\/index.php?rest_route=\/wp\/v2\/pages\/128\/revisions\/836"}],"up":[{"embeddable":true,"href":"https:\/\/www.kultur-heimat-offenhausen.at\/WordPress\/index.php?rest_route=\/wp\/v2\/pages\/113"}],"wp:featuredmedia":[{"embeddable":true,"href":"https:\/\/www.kultur-heimat-offenhausen.at\/WordPress\/index.php?rest_route=\/wp\/v2\/media\/276"}],"wp:attachment":[{"href":"https:\/\/www.kultur-heimat-offenhausen.at\/WordPress\/index.php?rest_route=%2Fwp%2Fv2%2Fmedia&parent=128"}],"wp:term":[{"taxonomy":"category","embeddable":true,"href":"https:\/\/www.kultur-heimat-offenhausen.at\/WordPress\/index.php?rest_route=%2Fwp%2Fv2%2Fcategories&post=128"},{"taxonomy":"post_tag","embeddable":true,"href":"https:\/\/www.kultur-heimat-offenhausen.at\/WordPress\/index.php?rest_route=%2Fwp%2Fv2%2Ftags&post=128"}],"curies":[{"name":"wp","href":"https:\/\/api.w.org\/{rel}","templated":true}]}}