{"id":148,"date":"2014-11-14T22:23:32","date_gmt":"2014-11-14T22:23:32","guid":{"rendered":"https:\/\/andedidi2.myqnapcloud.com:8081\/WordPress\/?page_id=148"},"modified":"2025-01-16T23:01:14","modified_gmt":"2025-01-16T22:01:14","slug":"impressum","status":"publish","type":"page","link":"https:\/\/www.kultur-heimat-offenhausen.at\/WordPress\/?page_id=148","title":{"rendered":"Impressum"},"content":{"rendered":"<h6><a href=\"https:\/\/andedidi2.myqnapcloud.com:8081\/WordPress\/wp-content\/uploads\/2014\/10\/KHLogo1-e1415980239686.png\"><img loading=\"lazy\" decoding=\"async\" class=\"aligncenter wp-image-6 size-medium\" src=\"https:\/\/andedidi2.myqnapcloud.com:8081\/WordPress\/wp-content\/uploads\/2014\/10\/KHLogo1-300x58.png\" alt=\"KHLogo1_head\" width=\"300\" height=\"58\"><\/a><\/h6>\n<h6>Postadresse:<\/h6>\n<p>Verein kultur.heimat offenhausen<br \/>\nZHd. Obmann Gerold St\u00f6gm\u00fcller<br \/>\nOsterberg 4<br \/>\nA-4625 Offenhausen<\/p>\n<h6>Vereinsregister:<\/h6>\n<p>Im \u00f6sterreichischen Vereinsregister wird der Verein kultur.heimat offenhausen unter der ZVR-Zahl 477732866 gef\u00fchrt.<\/p>\n<h6>Mitgliedschaften:<\/h6>\n<p>Der Verein kultur.heimat offenhausen ist mit Stolz Mitglied des o\u00f6. Landesverbandes f\u00fcr Theater &amp; Spiel.<\/p>\n<p>&nbsp;<\/p>\n<p>&nbsp;<\/p>\n","protected":false},"excerpt":{"rendered":"<p>Postadresse: Verein kultur.heimat offenhausen ZHd. Obmann Gerold St\u00f6gm\u00fcller Osterberg 4 A-4625 Offenhausen Vereinsregister: Im \u00f6sterreichischen Vereinsregister wird der Verein kultur.heimat offenhausen unter der ZVR-Zahl 477732866 gef\u00fchrt. Mitgliedschaften: Der Verein kultur.heimat offenhausen ist mit Stolz Mitglied des o\u00f6. Landesverbandes f\u00fcr Theater &amp; Spiel. &nbsp; &nbsp;<\/p>\n","protected":false},"author":1,"featured_media":0,"parent":0,"menu_order":100,"comment_status":"closed","ping_status":"closed","template":"","meta":{"footnotes":""},"categories":[],"tags":[],"class_list":["post-148","page","type-page","status-publish","hentry"],"_links":{"self":[{"href":"https:\/\/www.kultur-heimat-offenhausen.at\/WordPress\/index.php?rest_route=\/wp\/v2\/pages\/148","targetHints":{"allow":["GET"]}}],"collection":[{"href":"https:\/\/www.kultur-heimat-offenhausen.at\/WordPress\/index.php?rest_route=\/wp\/v2\/pages"}],"about":[{"href":"https:\/\/www.kultur-heimat-offenhausen.at\/WordPress\/index.php?rest_route=\/wp\/v2\/types\/page"}],"author":[{"embeddable":true,"href":"https:\/\/www.kultur-heimat-offenhausen.at\/WordPress\/index.php?rest_route=\/wp\/v2\/users\/1"}],"replies":[{"embeddable":true,"href":"https:\/\/www.kultur-heimat-offenhausen.at\/WordPress\/index.php?rest_route=%2Fwp%2Fv2%2Fcomments&post=148"}],"version-history":[{"count":3,"href":"https:\/\/www.kultur-heimat-offenhausen.at\/WordPress\/index.php?rest_route=\/wp\/v2\/pages\/148\/revisions"}],"predecessor-version":[{"id":1503,"href":"https:\/\/www.kultur-heimat-offenhausen.at\/WordPress\/index.php?rest_route=\/wp\/v2\/pages\/148\/revisions\/1503"}],"wp:attachment":[{"href":"https:\/\/www.kultur-heimat-offenhausen.at\/WordPress\/index.php?rest_route=%2Fwp%2Fv2%2Fmedia&parent=148"}],"wp:term":[{"taxonomy":"category","embeddable":true,"href":"https:\/\/www.kultur-heimat-offenhausen.at\/WordPress\/index.php?rest_route=%2Fwp%2Fv2%2Fcategories&post=148"},{"taxonomy":"post_tag","embeddable":true,"href":"https:\/\/www.kultur-heimat-offenhausen.at\/WordPress\/index.php?rest_route=%2Fwp%2Fv2%2Ftags&post=148"}],"curies":[{"name":"wp","href":"https:\/\/api.w.org\/{rel}","templated":true}]}}