{"id":27,"date":"2014-10-10T13:41:29","date_gmt":"2014-10-10T13:41:29","guid":{"rendered":"https:\/\/andedidi2.myqnapcloud.com:8081\/WordPress\/?page_id=27"},"modified":"2020-01-27T18:22:09","modified_gmt":"2020-01-27T17:22:09","slug":"theater","status":"publish","type":"page","link":"https:\/\/www.kultur-heimat-offenhausen.at\/WordPress\/?page_id=27","title":{"rendered":"Theater"},"content":{"rendered":"<p align=\"center\"><b><span style=\"font-size: large;\">&#8222;Theater ist der seligste Schlupfwinkel f\u00fcr diejenigen,<br>die ihre Kindheit heimlich in die Tasche gesteckt<br>und sich damit auf und davon gemacht haben,<br>um bis an ihr Lebensende weiterzuspielen.\u201c<\/span><\/b><\/p>\n<p style=\"text-align: center;\"><b><span style=\"font-size: medium;\"><span style=\"font-family: Arial;\">Max Reinhardt<\/span><\/span><\/b><span style=\"font-family: Arial;\"><span style=\"font-family: Arial; font-size: small;\"><br><\/span><span style=\"font-size: xx-small;\">(1873-1943), \u00f6sterreichischer Regisseur, Theaterleiter u. Schauspieler<\/span><\/span><\/p>\n\n\n<p>Gem\u00e4\u00df dieser &#8222;Weisheit&#8220; von Max Reinhardt finden sich jedes Jahr Theaterbegeisterte aus Offenhausen und Umgebung zusammen, um als Laienschauspieler mit viel Engagement und der n\u00f6tigen kindlich spielerischen Begeisterung bekannte St\u00fccke der Theaterliteratur aufzuf\u00fchren.<\/p>\n\n\n\n<p>Wir w\u00fcrden uns sehr freuen, Sie bei einer unserer n\u00e4chsten<br>Vorstellungen in Offenhausen begr\u00fc\u00dfen zu d\u00fcrfen.<\/p>\n","protected":false},"excerpt":{"rendered":"<p>&#8222;Theater ist der seligste Schlupfwinkel f\u00fcr diejenigen,die ihre Kindheit heimlich in die Tasche gestecktund sich damit auf und davon gemacht haben,um bis an ihr Lebensende weiterzuspielen.\u201c Max Reinhardt(1873-1943), \u00f6sterreichischer Regisseur, Theaterleiter u. Schauspieler Gem\u00e4\u00df dieser &#8222;Weisheit&#8220; von Max Reinhardt finden sich jedes Jahr Theaterbegeisterte aus Offenhausen und Umgebung zusammen, um als Laienschauspieler mit viel Engagement &hellip; <a href=\"https:\/\/www.kultur-heimat-offenhausen.at\/WordPress\/?page_id=27\" class=\"more-link\"><span class=\"screen-reader-text\">Theater<\/span> weiterlesen <span class=\"meta-nav\">&rarr;<\/span><\/a><\/p>\n","protected":false},"author":1,"featured_media":0,"parent":0,"menu_order":1,"comment_status":"closed","ping_status":"closed","template":"","meta":{"footnotes":""},"categories":[],"tags":[115,117,40,26,114,118],"class_list":["post-27","page","type-page","status-publish","hentry","tag-laienbuehne","tag-laientheater","tag-offenhausen","tag-theater","tag-theatergruppe","tag-theaterverein"],"yoast_head":"<!-- This site is optimized with the Yoast SEO plugin v27.3 - https:\/\/yoast.com\/product\/yoast-seo-wordpress\/ -->\n<title>Theater - kultur.heimat Offenhausen<\/title>\n<meta name=\"robots\" content=\"index, follow, max-snippet:-1, max-image-preview:large, max-video-preview:-1\" \/>\n<link rel=\"canonical\" href=\"https:\/\/www.kultur-heimat-offenhausen.at\/WordPress\/?page_id=27\" \/>\n<meta property=\"og:locale\" content=\"de_DE\" \/>\n<meta property=\"og:type\" content=\"article\" \/>\n<meta property=\"og:title\" content=\"Theater - kultur.heimat Offenhausen\" \/>\n<meta property=\"og:description\" content=\"&#8222;Theater ist der seligste Schlupfwinkel f\u00fcr diejenigen,die ihre Kindheit heimlich in die Tasche gestecktund sich damit auf und davon gemacht haben,um bis an ihr Lebensende weiterzuspielen.\u201c Max Reinhardt(1873-1943), \u00f6sterreichischer Regisseur, Theaterleiter u. Schauspieler Gem\u00e4\u00df dieser &#8222;Weisheit&#8220; von Max Reinhardt finden sich jedes Jahr Theaterbegeisterte aus Offenhausen und Umgebung zusammen, um als Laienschauspieler mit viel Engagement &hellip; Theater weiterlesen &rarr;\" \/>\n<meta property=\"og:url\" content=\"https:\/\/www.kultur-heimat-offenhausen.at\/WordPress\/?page_id=27\" \/>\n<meta property=\"og:site_name\" content=\"kultur.heimat Offenhausen\" \/>\n<meta property=\"article:modified_time\" content=\"2020-01-27T17:22:09+00:00\" \/>\n<meta name=\"twitter:card\" content=\"summary_large_image\" \/>\n<script type=\"application\/ld+json\" class=\"yoast-schema-graph\">{\"@context\":\"https:\\\/\\\/schema.org\",\"@graph\":[{\"@type\":\"WebPage\",\"@id\":\"https:\\\/\\\/www.kultur-heimat-offenhausen.at\\\/WordPress\\\/?page_id=27\",\"url\":\"https:\\\/\\\/www.kultur-heimat-offenhausen.at\\\/WordPress\\\/?page_id=27\",\"name\":\"Theater - kultur.heimat Offenhausen\",\"isPartOf\":{\"@id\":\"https:\\\/\\\/www.kultur-heimat-offenhausen.at\\\/WordPress\\\/#website\"},\"datePublished\":\"2014-10-10T13:41:29+00:00\",\"dateModified\":\"2020-01-27T17:22:09+00:00\",\"breadcrumb\":{\"@id\":\"https:\\\/\\\/www.kultur-heimat-offenhausen.at\\\/WordPress\\\/?page_id=27#breadcrumb\"},\"inLanguage\":\"de\",\"potentialAction\":[{\"@type\":\"ReadAction\",\"target\":[\"https:\\\/\\\/www.kultur-heimat-offenhausen.at\\\/WordPress\\\/?page_id=27\"]}]},{\"@type\":\"BreadcrumbList\",\"@id\":\"https:\\\/\\\/www.kultur-heimat-offenhausen.at\\\/WordPress\\\/?page_id=27#breadcrumb\",\"itemListElement\":[{\"@type\":\"ListItem\",\"position\":1,\"name\":\"Startseite\",\"item\":\"https:\\\/\\\/www.kultur-heimat-offenhausen.at\\\/WordPress\\\/\"},{\"@type\":\"ListItem\",\"position\":2,\"name\":\"Theater\"}]},{\"@type\":\"WebSite\",\"@id\":\"https:\\\/\\\/www.kultur-heimat-offenhausen.at\\\/WordPress\\\/#website\",\"url\":\"https:\\\/\\\/www.kultur-heimat-offenhausen.at\\\/WordPress\\\/\",\"name\":\"kultur.heimat Offenhausen\",\"description\":\"Web-Auftritt des Offenhausner Theater-Vereins\",\"potentialAction\":[{\"@type\":\"SearchAction\",\"target\":{\"@type\":\"EntryPoint\",\"urlTemplate\":\"https:\\\/\\\/www.kultur-heimat-offenhausen.at\\\/WordPress\\\/?s={search_term_string}\"},\"query-input\":{\"@type\":\"PropertyValueSpecification\",\"valueRequired\":true,\"valueName\":\"search_term_string\"}}],\"inLanguage\":\"de\"}]}<\/script>\n<!-- \/ Yoast SEO plugin. -->","yoast_head_json":{"title":"Theater - kultur.heimat Offenhausen","robots":{"index":"index","follow":"follow","max-snippet":"max-snippet:-1","max-image-preview":"max-image-preview:large","max-video-preview":"max-video-preview:-1"},"canonical":"https:\/\/www.kultur-heimat-offenhausen.at\/WordPress\/?page_id=27","og_locale":"de_DE","og_type":"article","og_title":"Theater - kultur.heimat Offenhausen","og_description":"&#8222;Theater ist der seligste Schlupfwinkel f\u00fcr diejenigen,die ihre Kindheit heimlich in die Tasche gestecktund sich damit auf und davon gemacht haben,um bis an ihr Lebensende weiterzuspielen.\u201c Max Reinhardt(1873-1943), \u00f6sterreichischer Regisseur, Theaterleiter u. Schauspieler Gem\u00e4\u00df dieser &#8222;Weisheit&#8220; von Max Reinhardt finden sich jedes Jahr Theaterbegeisterte aus Offenhausen und Umgebung zusammen, um als Laienschauspieler mit viel Engagement &hellip; Theater weiterlesen &rarr;","og_url":"https:\/\/www.kultur-heimat-offenhausen.at\/WordPress\/?page_id=27","og_site_name":"kultur.heimat Offenhausen","article_modified_time":"2020-01-27T17:22:09+00:00","twitter_card":"summary_large_image","schema":{"@context":"https:\/\/schema.org","@graph":[{"@type":"WebPage","@id":"https:\/\/www.kultur-heimat-offenhausen.at\/WordPress\/?page_id=27","url":"https:\/\/www.kultur-heimat-offenhausen.at\/WordPress\/?page_id=27","name":"Theater - kultur.heimat Offenhausen","isPartOf":{"@id":"https:\/\/www.kultur-heimat-offenhausen.at\/WordPress\/#website"},"datePublished":"2014-10-10T13:41:29+00:00","dateModified":"2020-01-27T17:22:09+00:00","breadcrumb":{"@id":"https:\/\/www.kultur-heimat-offenhausen.at\/WordPress\/?page_id=27#breadcrumb"},"inLanguage":"de","potentialAction":[{"@type":"ReadAction","target":["https:\/\/www.kultur-heimat-offenhausen.at\/WordPress\/?page_id=27"]}]},{"@type":"BreadcrumbList","@id":"https:\/\/www.kultur-heimat-offenhausen.at\/WordPress\/?page_id=27#breadcrumb","itemListElement":[{"@type":"ListItem","position":1,"name":"Startseite","item":"https:\/\/www.kultur-heimat-offenhausen.at\/WordPress\/"},{"@type":"ListItem","position":2,"name":"Theater"}]},{"@type":"WebSite","@id":"https:\/\/www.kultur-heimat-offenhausen.at\/WordPress\/#website","url":"https:\/\/www.kultur-heimat-offenhausen.at\/WordPress\/","name":"kultur.heimat Offenhausen","description":"Web-Auftritt des Offenhausner Theater-Vereins","potentialAction":[{"@type":"SearchAction","target":{"@type":"EntryPoint","urlTemplate":"https:\/\/www.kultur-heimat-offenhausen.at\/WordPress\/?s={search_term_string}"},"query-input":{"@type":"PropertyValueSpecification","valueRequired":true,"valueName":"search_term_string"}}],"inLanguage":"de"}]}},"_links":{"self":[{"href":"https:\/\/www.kultur-heimat-offenhausen.at\/WordPress\/index.php?rest_route=\/wp\/v2\/pages\/27","targetHints":{"allow":["GET"]}}],"collection":[{"href":"https:\/\/www.kultur-heimat-offenhausen.at\/WordPress\/index.php?rest_route=\/wp\/v2\/pages"}],"about":[{"href":"https:\/\/www.kultur-heimat-offenhausen.at\/WordPress\/index.php?rest_route=\/wp\/v2\/types\/page"}],"author":[{"embeddable":true,"href":"https:\/\/www.kultur-heimat-offenhausen.at\/WordPress\/index.php?rest_route=\/wp\/v2\/users\/1"}],"replies":[{"embeddable":true,"href":"https:\/\/www.kultur-heimat-offenhausen.at\/WordPress\/index.php?rest_route=%2Fwp%2Fv2%2Fcomments&post=27"}],"version-history":[{"count":6,"href":"https:\/\/www.kultur-heimat-offenhausen.at\/WordPress\/index.php?rest_route=\/wp\/v2\/pages\/27\/revisions"}],"predecessor-version":[{"id":1313,"href":"https:\/\/www.kultur-heimat-offenhausen.at\/WordPress\/index.php?rest_route=\/wp\/v2\/pages\/27\/revisions\/1313"}],"wp:attachment":[{"href":"https:\/\/www.kultur-heimat-offenhausen.at\/WordPress\/index.php?rest_route=%2Fwp%2Fv2%2Fmedia&parent=27"}],"wp:term":[{"taxonomy":"category","embeddable":true,"href":"https:\/\/www.kultur-heimat-offenhausen.at\/WordPress\/index.php?rest_route=%2Fwp%2Fv2%2Fcategories&post=27"},{"taxonomy":"post_tag","embeddable":true,"href":"https:\/\/www.kultur-heimat-offenhausen.at\/WordPress\/index.php?rest_route=%2Fwp%2Fv2%2Ftags&post=27"}],"curies":[{"name":"wp","href":"https:\/\/api.w.org\/{rel}","templated":true}]}}