{"id":49,"date":"2014-11-03T19:52:02","date_gmt":"2014-11-03T19:52:02","guid":{"rendered":"https:\/\/andedidi2.myqnapcloud.com:8081\/WordPress\/?page_id=49"},"modified":"2026-04-15T18:56:49","modified_gmt":"2026-04-15T16:56:49","slug":"die-bisherigen-stucke","status":"publish","type":"page","link":"https:\/\/www.kultur-heimat-offenhausen.at\/WordPress\/?page_id=49","title":{"rendered":"Unsere St\u00fccke im \u00dcberblick"},"content":{"rendered":"\n<figure class=\"wp-block-table is-style-stripes\"><table><thead><tr><th class=\"has-text-align-center\" data-align=\"center\">Jahr<\/th><th class=\"has-text-align-center\" data-align=\"center\">St\u00fcck<br>Autor<\/th><th class=\"has-text-align-center\" data-align=\"center\">Regie<\/th><th class=\"has-text-align-center\" data-align=\"center\">Plakat<\/th><\/tr><\/thead><tbody><tr><td class=\"has-text-align-center\" data-align=\"center\">2025<\/td><td class=\"has-text-align-center\" data-align=\"center\"><a href=\"https:\/\/www.kultur-heimat-offenhausen.at\/WordPress\/?p=1508\" data-type=\"post\" data-id=\"1508\">Viel L\u00e4rm um Nichts<\/a><br>William Shakespeare<\/td><td class=\"has-text-align-center\" data-align=\"center\">Alois Kreuzwieser und Sonja Zimmermann<\/td><td class=\"has-text-align-center\" data-align=\"center\"><img loading=\"lazy\" decoding=\"async\" width=\"150\" height=\"106\" class=\"wp-image-1521\" style=\"width: 150px;\" src=\"https:\/\/www.kultur-heimat-offenhausen.at\/WordPress\/wp-content\/uploads\/2025\/02\/Homepage_A5_quer-scaled.jpg\" alt=\"\" srcset=\"https:\/\/www.kultur-heimat-offenhausen.at\/WordPress\/wp-content\/uploads\/2025\/02\/Homepage_A5_quer-scaled.jpg 2560w, https:\/\/www.kultur-heimat-offenhausen.at\/WordPress\/wp-content\/uploads\/2025\/02\/Homepage_A5_quer-300x212.jpg 300w, https:\/\/www.kultur-heimat-offenhausen.at\/WordPress\/wp-content\/uploads\/2025\/02\/Homepage_A5_quer-1024x724.jpg 1024w, https:\/\/www.kultur-heimat-offenhausen.at\/WordPress\/wp-content\/uploads\/2025\/02\/Homepage_A5_quer-283x200.jpg 283w, https:\/\/www.kultur-heimat-offenhausen.at\/WordPress\/wp-content\/uploads\/2025\/02\/Homepage_A5_quer-768x543.jpg 768w, https:\/\/www.kultur-heimat-offenhausen.at\/WordPress\/wp-content\/uploads\/2025\/02\/Homepage_A5_quer-1536x1086.jpg 1536w, https:\/\/www.kultur-heimat-offenhausen.at\/WordPress\/wp-content\/uploads\/2025\/02\/Homepage_A5_quer-2048x1448.jpg 2048w\" sizes=\"auto, (max-width: 150px) 100vw, 150px\" \/><\/td><\/tr><tr><td class=\"has-text-align-center\" data-align=\"center\">2024<\/td><td class=\"has-text-align-center\" data-align=\"center\"><a href=\"https:\/\/www.kultur-heimat-offenhausen.at\/WordPress\/?p=1479\" data-type=\"post\" data-id=\"1479\">Krippenspiel<\/a><br>Hans Reinthaler<\/td><td class=\"has-text-align-center\" data-align=\"center\">Kurt Tischlinger<\/td><td class=\"has-text-align-center\" data-align=\"center\"><img loading=\"lazy\" decoding=\"async\" width=\"150\" height=\"84\" class=\"wp-image-1495\" style=\"width: 150px;\" src=\"https:\/\/www.kultur-heimat-offenhausen.at\/WordPress\/wp-content\/uploads\/2024\/09\/WhatsApp-Bild-2024-10-24-um-20.17.13_d0e16db1.jpg\" alt=\"\" srcset=\"https:\/\/www.kultur-heimat-offenhausen.at\/WordPress\/wp-content\/uploads\/2024\/09\/WhatsApp-Bild-2024-10-24-um-20.17.13_d0e16db1.jpg 890w, https:\/\/www.kultur-heimat-offenhausen.at\/WordPress\/wp-content\/uploads\/2024\/09\/WhatsApp-Bild-2024-10-24-um-20.17.13_d0e16db1-300x169.jpg 300w, https:\/\/www.kultur-heimat-offenhausen.at\/WordPress\/wp-content\/uploads\/2024\/09\/WhatsApp-Bild-2024-10-24-um-20.17.13_d0e16db1-768x432.jpg 768w, https:\/\/www.kultur-heimat-offenhausen.at\/WordPress\/wp-content\/uploads\/2024\/09\/WhatsApp-Bild-2024-10-24-um-20.17.13_d0e16db1-672x372.jpg 672w\" sizes=\"auto, (max-width: 150px) 100vw, 150px\" \/><\/td><\/tr><tr><td class=\"has-text-align-center\" data-align=\"center\">2023<\/td><td class=\"has-text-align-center\" data-align=\"center\"><a href=\"https:\/\/www.kultur-heimat-offenhausen.at\/WordPress\/?p=1414\">Cyrano in Buffalo<\/a><br>Ken Ludwig<\/td><td class=\"has-text-align-center\" data-align=\"center\">Alois Kreuzwieser und Sonja Zimmermann<\/td><td class=\"has-text-align-center\" data-align=\"center\"><img loading=\"lazy\" decoding=\"async\" width=\"150\" height=\"210\" class=\"wp-image-1427\" style=\"width: 150px;\" src=\"https:\/\/www.kultur-heimat-offenhausen.at\/WordPress\/wp-content\/uploads\/2023\/03\/Plakat_Homepage-scaled.jpg\" alt=\"\" srcset=\"https:\/\/www.kultur-heimat-offenhausen.at\/WordPress\/wp-content\/uploads\/2023\/03\/Plakat_Homepage-scaled.jpg 1826w, https:\/\/www.kultur-heimat-offenhausen.at\/WordPress\/wp-content\/uploads\/2023\/03\/Plakat_Homepage-214x300.jpg 214w, https:\/\/www.kultur-heimat-offenhausen.at\/WordPress\/wp-content\/uploads\/2023\/03\/Plakat_Homepage-731x1024.jpg 731w, https:\/\/www.kultur-heimat-offenhausen.at\/WordPress\/wp-content\/uploads\/2023\/03\/Plakat_Homepage-143x200.jpg 143w, https:\/\/www.kultur-heimat-offenhausen.at\/WordPress\/wp-content\/uploads\/2023\/03\/Plakat_Homepage-768x1077.jpg 768w, https:\/\/www.kultur-heimat-offenhausen.at\/WordPress\/wp-content\/uploads\/2023\/03\/Plakat_Homepage-1096x1536.jpg 1096w, https:\/\/www.kultur-heimat-offenhausen.at\/WordPress\/wp-content\/uploads\/2023\/03\/Plakat_Homepage-1461x2048.jpg 1461w\" sizes=\"auto, (max-width: 150px) 100vw, 150px\" \/><\/td><\/tr><tr><td class=\"has-text-align-center\" data-align=\"center\">2022<\/td><td class=\"has-text-align-center\" data-align=\"center\"><a href=\"https:\/\/www.kultur-heimat-offenhausen.at\/WordPress\/?p=1359\" data-type=\"post\" data-id=\"1359\">Ewig rauschen die Gelder<\/a><br>Michael Cooney<\/td><td class=\"has-text-align-center\" data-align=\"center\">Alois Kreuzwieser und Sonja Zimmermann<\/td><td class=\"has-text-align-center\" data-align=\"center\"><img loading=\"lazy\" decoding=\"async\" width=\"150\" height=\"150\" class=\"wp-image-1371\" style=\"width: 150px;\" src=\"https:\/\/www.kultur-heimat-offenhausen.at\/WordPress\/wp-content\/uploads\/2022\/03\/Titelbild_4-page001.jpeg\" alt=\"\" srcset=\"https:\/\/www.kultur-heimat-offenhausen.at\/WordPress\/wp-content\/uploads\/2022\/03\/Titelbild_4-page001.jpeg 1191w, https:\/\/www.kultur-heimat-offenhausen.at\/WordPress\/wp-content\/uploads\/2022\/03\/Titelbild_4-page001-300x300.jpeg 300w, https:\/\/www.kultur-heimat-offenhausen.at\/WordPress\/wp-content\/uploads\/2022\/03\/Titelbild_4-page001-1024x1024.jpeg 1024w, https:\/\/www.kultur-heimat-offenhausen.at\/WordPress\/wp-content\/uploads\/2022\/03\/Titelbild_4-page001-200x200.jpeg 200w, https:\/\/www.kultur-heimat-offenhausen.at\/WordPress\/wp-content\/uploads\/2022\/03\/Titelbild_4-page001-768x768.jpeg 768w\" sizes=\"auto, (max-width: 150px) 100vw, 150px\" \/><\/td><\/tr><tr><td class=\"has-text-align-center\" data-align=\"center\">2020<\/td><td class=\"has-text-align-center\" data-align=\"center\">Cyrano ABGESAGT<\/td><td class=\"has-text-align-center\" data-align=\"center\"><\/td><td class=\"has-text-align-center\" data-align=\"center\"><\/td><\/tr><tr><td class=\"has-text-align-center\" data-align=\"center\">2019<\/td><td class=\"has-text-align-center\" data-align=\"center\"><a href=\"https:\/\/www.kultur-heimat-offenhausen.at\/WordPress\/?p=1001\">Der Revisor<\/a><br>Nikolai Gogol<\/td><td class=\"has-text-align-center\" data-align=\"center\">Alois Kreuzwieser und Sonja Zimmermann<\/td><td class=\"has-text-align-center\" data-align=\"center\"><a href=\"https:\/\/www.kultur-heimat-offenhausen.at\/WordPress\/wp-content\/uploads\/2019\/01\/Plakat_A3_01_klein.jpg\"><img loading=\"lazy\" decoding=\"async\" width=\"176\" height=\"150\" src=\"https:\/\/www.kultur-heimat-offenhausen.at\/WordPress\/wp-content\/uploads\/2019\/01\/Plakat_A3_01_klein-212x300.jpg\" alt=\"\"><\/a><\/td><\/tr><tr><td class=\"has-text-align-center\" data-align=\"center\">2018<\/td><td class=\"has-text-align-center\" data-align=\"center\"><a href=\"http:\/\/www.kultur-heimat-offenhausen.at\/WordPress\/?p=582\">Der Zerrissene<\/a><br>Johann Nestroy<\/td><td class=\"has-text-align-center\" data-align=\"center\">Alois Kreuzwieser und Sonja Zimmermann<\/td><td class=\"has-text-align-center\" data-align=\"center\"><a href=\"http:\/\/www.kultur-heimat-offenhausen.at\/WordPress\/wp-content\/uploads\/2018\/01\/DerZerrissene_.jpg\"><img loading=\"lazy\" decoding=\"async\" width=\"176\" height=\"150\" src=\"http:\/\/www.kultur-heimat-offenhausen.at\/WordPress\/wp-content\/uploads\/2018\/01\/DerZerrissene_-234x200.jpg\" alt=\"\"><\/a><\/td><\/tr><tr><td class=\"has-text-align-center\" data-align=\"center\">2017<\/td><td class=\"has-text-align-center\" data-align=\"center\"><a href=\"http:\/\/www.kultur-heimat-offenhausen.at\/WordPress\/?p=455\">Tatort Villa Bock<\/a><br>Daniel Kaiser<\/td><td class=\"has-text-align-center\" data-align=\"center\">Alois Kreuzwieser und Sonja Zimmermann<\/td><td class=\"has-text-align-center\" data-align=\"center\"><img loading=\"lazy\" decoding=\"async\" width=\"150\" height=\"150\" src=\"http:\/\/www.kultur-heimat-offenhausen.at\/WordPress\/wp-content\/uploads\/2017\/02\/tatort_Villa_Bock_Homepage-150x150.jpg\" alt=\"\"><\/td><\/tr><tr><td class=\"has-text-align-center\" data-align=\"center\">2016<\/td><td class=\"has-text-align-center\" data-align=\"center\"><a href=\"http:\/\/www.kultur-heimat-offenhausen.at\/WordPress\/?p=470\">Floh im Ohr<\/a><br>Georges Feydeau<\/td><td class=\"has-text-align-center\" data-align=\"center\">Alois Kreuzwieser und Sonja Zimmermann<\/td><td class=\"has-text-align-center\" data-align=\"center\"><\/td><\/tr><tr><td class=\"has-text-align-center\" data-align=\"center\">2015<\/td><td class=\"has-text-align-center\" data-align=\"center\"><a href=\"http:\/\/www.kultur-heimat-offenhausen.at\/WordPress\/?p=504\">Jedermann<\/a><br>Hugo von Hofmannsthal<\/td><td class=\"has-text-align-center\" data-align=\"center\">Kurt Tischlinger<\/td><td class=\"has-text-align-center\" data-align=\"center\"><\/td><\/tr><tr><td class=\"has-text-align-center\" data-align=\"center\">2013<\/td><td class=\"has-text-align-center\" data-align=\"center\"><a href=\"http:\/\/www.kultur-heimat-offenhausen.at\/WordPress\/?p=527\">Krippenspiel<\/a><br>Hans Reinthaler<\/td><td class=\"has-text-align-center\" data-align=\"center\">Reinhard Schotola<\/td><td class=\"has-text-align-center\" data-align=\"center\"><\/td><\/tr><tr><td class=\"has-text-align-center\" data-align=\"center\">2013<\/td><td class=\"has-text-align-center\" data-align=\"center\">Theatersommernacht<br>Diverse<\/td><td class=\"has-text-align-center\" data-align=\"center\">Reinhard Schotola<\/td><td class=\"has-text-align-center\" data-align=\"center\"><\/td><\/tr><tr><td class=\"has-text-align-center\" data-align=\"center\">2012<\/td><td class=\"has-text-align-center\" data-align=\"center\"><a href=\"http:\/\/www.kultur-heimat-offenhausen.at\/WordPress\/?p=533\">Die Narren von Valencia<\/a><br>Lope de Vega<\/td><td class=\"has-text-align-center\" data-align=\"center\">Reinhard Schotola<\/td><td class=\"has-text-align-center\" data-align=\"center\"><\/td><\/tr><tr><td class=\"has-text-align-center\" data-align=\"center\">2011<\/td><td class=\"has-text-align-center\" data-align=\"center\">Liebesgeschichten und Heiratssachen<br>Johann Nestroy<\/td><td class=\"has-text-align-center\" data-align=\"center\">Reinhard Schotola<\/td><td class=\"has-text-align-center\" data-align=\"center\"><\/td><\/tr><tr><td class=\"has-text-align-center\" data-align=\"center\">2010<\/td><td class=\"has-text-align-center\" data-align=\"center\">Pygmalion<br>George Bernard Shaw<\/td><td class=\"has-text-align-center\" data-align=\"center\">Reinhard Schotola<\/td><td class=\"has-text-align-center\" data-align=\"center\"><\/td><\/tr><tr><td class=\"has-text-align-center\" data-align=\"center\">2009<\/td><td class=\"has-text-align-center\" data-align=\"center\">Faust I<br>Johann Wolfgang von Goethe<\/td><td class=\"has-text-align-center\" data-align=\"center\">Reinhard Schotola<\/td><td class=\"has-text-align-center\" data-align=\"center\"><\/td><\/tr><tr><td class=\"has-text-align-center\" data-align=\"center\">2008<\/td><td class=\"has-text-align-center\" data-align=\"center\">Die verh\u00e4ngnisvolle Faschingsnacht<br>Johann Nestroy<\/td><td class=\"has-text-align-center\" data-align=\"center\">Reinhard Schotola<\/td><td class=\"has-text-align-center\" data-align=\"center\"><\/td><\/tr><tr><td class=\"has-text-align-center\" data-align=\"center\">2007<br><\/td><td class=\"has-text-align-center\" data-align=\"center\">Der zerbrochene Krug<br>Heinrich Kleist<\/td><td class=\"has-text-align-center\" data-align=\"center\">Reinhard Schotola<\/td><td class=\"has-text-align-center\" data-align=\"center\"><\/td><\/tr><tr><td class=\"has-text-align-center\" data-align=\"center\">2006<\/td><td class=\"has-text-align-center\" data-align=\"center\">Hamlet<br>William Shakespeare<\/td><td class=\"has-text-align-center\" data-align=\"center\">Reinhard Schotola<\/td><td class=\"has-text-align-center\" data-align=\"center\"><\/td><\/tr><tr><td class=\"has-text-align-center\" data-align=\"center\">2004<\/td><td class=\"has-text-align-center\" data-align=\"center\">Einen Jux will er sich machen<br>Johann Nestroy<\/td><td class=\"has-text-align-center\" data-align=\"center\">Reinhard Schotola<\/td><td class=\"has-text-align-center\" data-align=\"center\"><\/td><\/tr><tr><td class=\"has-text-align-center\" data-align=\"center\">2003<\/td><td class=\"has-text-align-center\" data-align=\"center\">Was Ihr wollt<br>William Shakespeare<\/td><td class=\"has-text-align-center\" data-align=\"center\">Reinhard Schotola<\/td><td class=\"has-text-align-center\" data-align=\"center\"><\/td><\/tr><tr><td class=\"has-text-align-center\" data-align=\"center\">2002<\/td><td class=\"has-text-align-center\" data-align=\"center\">Der Hahn<br>Georges Feydeau<\/td><td class=\"has-text-align-center\" data-align=\"center\">Reinhard Schotola<\/td><td class=\"has-text-align-center\" data-align=\"center\"><\/td><\/tr><tr><td class=\"has-text-align-center\" data-align=\"center\">2000<\/td><td class=\"has-text-align-center\" data-align=\"center\">Dorf ohne M\u00e4nner<br>\u00d6d\u00f6n von Horvath<\/td><td class=\"has-text-align-center\" data-align=\"center\">Reinhard Schotola<\/td><td class=\"has-text-align-center\" data-align=\"center\"><\/td><\/tr><tr><td class=\"has-text-align-center\" data-align=\"center\">1999<\/td><td class=\"has-text-align-center\" data-align=\"center\">Die R\u00e4uber<br>Friedrich Schiller<\/td><td class=\"has-text-align-center\" data-align=\"center\">Reinhard Schotola<\/td><td class=\"has-text-align-center\" data-align=\"center\"><\/td><\/tr><tr><td class=\"has-text-align-center\" data-align=\"center\">1998<\/td><td class=\"has-text-align-center\" data-align=\"center\">Mirandolina<br>Goldoni<\/td><td class=\"has-text-align-center\" data-align=\"center\">Reinhard Schotola<\/td><td class=\"has-text-align-center\" data-align=\"center\"><\/td><\/tr><tr><td class=\"has-text-align-center\" data-align=\"center\">1997<\/td><td class=\"has-text-align-center\" data-align=\"center\">Das M\u00e4del aus der Vorstadt<br>Johann Nestroy<\/td><td class=\"has-text-align-center\" data-align=\"center\">Reinhard Schotola<\/td><td class=\"has-text-align-center\" data-align=\"center\"><\/td><\/tr><tr><td class=\"has-text-align-center\" data-align=\"center\">1996<\/td><td class=\"has-text-align-center\" data-align=\"center\">Faust I<br>Johann Wolfgang von Goethe<\/td><td class=\"has-text-align-center\" data-align=\"center\">Reinhard Schotola<\/td><td class=\"has-text-align-center\" data-align=\"center\"><\/td><\/tr><tr><td class=\"has-text-align-center\" data-align=\"center\">1995<\/td><td class=\"has-text-align-center\" data-align=\"center\">Moral<br>Ludwig Thoma<\/td><td class=\"has-text-align-center\" data-align=\"center\">Reinhard Schotola<\/td><td class=\"has-text-align-center\" data-align=\"center\"><\/td><\/tr><tr><td class=\"has-text-align-center\" data-align=\"center\">1994<\/td><td class=\"has-text-align-center\" data-align=\"center\">Pension Sch\u00f6ller<br>Laufs\/Jacoby<\/td><td class=\"has-text-align-center\" data-align=\"center\">Reinhard Schotola<\/td><td class=\"has-text-align-center\" data-align=\"center\"><\/td><\/tr><tr><td class=\"has-text-align-center\" data-align=\"center\">1994<\/td><td class=\"has-text-align-center\" data-align=\"center\">Szenen aus &#8222;Die Fremde&#8220;<br>Hans Reinthaler<\/td><td class=\"has-text-align-center\" data-align=\"center\">Reinhard Schotola<\/td><td class=\"has-text-align-center\" data-align=\"center\"><\/td><\/tr><tr><td class=\"has-text-align-center\" data-align=\"center\">1993<\/td><td class=\"has-text-align-center\" data-align=\"center\">Der Talisman<br>Johann Nestroy<\/td><td class=\"has-text-align-center\" data-align=\"center\">Reinhard Schotola<\/td><td class=\"has-text-align-center\" data-align=\"center\"><\/td><\/tr><tr><td class=\"has-text-align-center\" data-align=\"center\">1992<\/td><td class=\"has-text-align-center\" data-align=\"center\">Die Hochzeit des Figaro (Ein toller Tag)<br>Beaumarchais<\/td><td class=\"has-text-align-center\" data-align=\"center\">Reinhard Schotola<\/td><td class=\"has-text-align-center\" data-align=\"center\"><\/td><\/tr><tr><td class=\"has-text-align-center\" data-align=\"center\">1990<\/td><td class=\"has-text-align-center\" data-align=\"center\">Die Z\u00e4hmung der Widerspenstigen<br>William Shakespeare<\/td><td class=\"has-text-align-center\" data-align=\"center\">Reinhard Schotola<\/td><td class=\"has-text-align-center\" data-align=\"center\"><\/td><\/tr><tr><td class=\"has-text-align-center\" data-align=\"center\">1989<\/td><td class=\"has-text-align-center\" data-align=\"center\">Fr\u00fchere Verh\u00e4ltnisse<br>Johann Nestroy<\/td><td class=\"has-text-align-center\" data-align=\"center\">Reinhard Schotola<\/td><td class=\"has-text-align-center\" data-align=\"center\"><\/td><\/tr><tr><td class=\"has-text-align-center\" data-align=\"center\">1988<\/td><td class=\"has-text-align-center\" data-align=\"center\">Der betrogene Ehemann<br>Moliere<\/td><td class=\"has-text-align-center\" data-align=\"center\">Hans M\u00fchleder<\/td><td class=\"has-text-align-center\" data-align=\"center\"><\/td><\/tr><tr><td class=\"has-text-align-center\" data-align=\"center\">1987<\/td><td class=\"has-text-align-center\" data-align=\"center\">Jedermann<br>Hugo von Hoffmannsthal<\/td><td class=\"has-text-align-center\" data-align=\"center\">Hans M\u00fchleder<\/td><td class=\"has-text-align-center\" data-align=\"center\"><img loading=\"lazy\" decoding=\"async\" width=\"225\" height=\"185\" src=\"http:\/\/www.kultur-heimat-offenhausen.at\/WordPress\/wp-content\/uploads\/2014\/11\/historjedermann.jpg\" alt=\"\"><\/td><\/tr><tr><td class=\"has-text-align-center\" data-align=\"center\">1986<\/td><td class=\"has-text-align-center\" data-align=\"center\">Lumpazivagabundus<br>Johann Nestroy<\/td><td class=\"has-text-align-center\" data-align=\"center\">Hans M\u00fchleder<\/td><td class=\"has-text-align-center\" data-align=\"center\"><\/td><\/tr><tr><td class=\"has-text-align-center\" data-align=\"center\">1985<\/td><td class=\"has-text-align-center\" data-align=\"center\">Der zerbrochene Krug<br>Heinrich Kleist<\/td><td class=\"has-text-align-center\" data-align=\"center\">Hans M\u00fchleder<\/td><td class=\"has-text-align-center\" data-align=\"center\"><\/td><\/tr><tr><td class=\"has-text-align-center\" data-align=\"center\">1984<\/td><td class=\"has-text-align-center\" data-align=\"center\">Krippenspiel<br>Hans Reinthaler<\/td><td class=\"has-text-align-center\" data-align=\"center\"><\/td><td class=\"has-text-align-center\" data-align=\"center\"><\/td><\/tr><tr><td class=\"has-text-align-center\" data-align=\"center\">1984<\/td><td class=\"has-text-align-center\" data-align=\"center\">Offenhausner Bauernfreiheit &#8211; Ein Gerichtstag in Offenhausen<br>Szenen aus der Geschichte von Offenhausen<br>(anl\u00e4sslich der Feier &#8222;450 Jahre Markt Offenhausen&#8220;)<\/td><td class=\"has-text-align-center\" data-align=\"center\"><\/td><td class=\"has-text-align-center\" data-align=\"center\"><\/td><\/tr><\/tbody><\/table><\/figure>\n","protected":false},"excerpt":{"rendered":"<p>Jahr St\u00fcckAutor Regie Plakat 2025 Viel L\u00e4rm um NichtsWilliam Shakespeare Alois Kreuzwieser und Sonja Zimmermann 2024 KrippenspielHans Reinthaler Kurt Tischlinger 2023 Cyrano in BuffaloKen Ludwig Alois Kreuzwieser und Sonja Zimmermann 2022 Ewig rauschen die GelderMichael Cooney Alois Kreuzwieser und Sonja Zimmermann 2020 Cyrano ABGESAGT 2019 Der RevisorNikolai Gogol Alois Kreuzwieser und Sonja Zimmermann 2018 Der &hellip; <a href=\"https:\/\/www.kultur-heimat-offenhausen.at\/WordPress\/?page_id=49\" class=\"more-link\"><span class=\"screen-reader-text\">Unsere St\u00fccke im \u00dcberblick<\/span> weiterlesen <span class=\"meta-nav\">&rarr;<\/span><\/a><\/p>\n","protected":false},"author":1,"featured_media":0,"parent":27,"menu_order":1,"comment_status":"closed","ping_status":"closed","template":"page-templates\/full-width.php","meta":{"footnotes":""},"categories":[10,9],"tags":[36,26],"class_list":["post-49","page","type-page","status-publish","hentry","category-bish_stuecke","category-theater","tag-bisherige-stuecke","tag-theater"],"_links":{"self":[{"href":"https:\/\/www.kultur-heimat-offenhausen.at\/WordPress\/index.php?rest_route=\/wp\/v2\/pages\/49","targetHints":{"allow":["GET"]}}],"collection":[{"href":"https:\/\/www.kultur-heimat-offenhausen.at\/WordPress\/index.php?rest_route=\/wp\/v2\/pages"}],"about":[{"href":"https:\/\/www.kultur-heimat-offenhausen.at\/WordPress\/index.php?rest_route=\/wp\/v2\/types\/page"}],"author":[{"embeddable":true,"href":"https:\/\/www.kultur-heimat-offenhausen.at\/WordPress\/index.php?rest_route=\/wp\/v2\/users\/1"}],"replies":[{"embeddable":true,"href":"https:\/\/www.kultur-heimat-offenhausen.at\/WordPress\/index.php?rest_route=%2Fwp%2Fv2%2Fcomments&post=49"}],"version-history":[{"count":78,"href":"https:\/\/www.kultur-heimat-offenhausen.at\/WordPress\/index.php?rest_route=\/wp\/v2\/pages\/49\/revisions"}],"predecessor-version":[{"id":1618,"href":"https:\/\/www.kultur-heimat-offenhausen.at\/WordPress\/index.php?rest_route=\/wp\/v2\/pages\/49\/revisions\/1618"}],"up":[{"embeddable":true,"href":"https:\/\/www.kultur-heimat-offenhausen.at\/WordPress\/index.php?rest_route=\/wp\/v2\/pages\/27"}],"wp:attachment":[{"href":"https:\/\/www.kultur-heimat-offenhausen.at\/WordPress\/index.php?rest_route=%2Fwp%2Fv2%2Fmedia&parent=49"}],"wp:term":[{"taxonomy":"category","embeddable":true,"href":"https:\/\/www.kultur-heimat-offenhausen.at\/WordPress\/index.php?rest_route=%2Fwp%2Fv2%2Fcategories&post=49"},{"taxonomy":"post_tag","embeddable":true,"href":"https:\/\/www.kultur-heimat-offenhausen.at\/WordPress\/index.php?rest_route=%2Fwp%2Fv2%2Ftags&post=49"}],"curies":[{"name":"wp","href":"https:\/\/api.w.org\/{rel}","templated":true}]}}